{"id":2,"date":"2009-11-13T20:45:37","date_gmt":"2009-11-13T19:45:37","guid":{"rendered":"http:\/\/philadia-earth.com\/?page_id=2"},"modified":"2011-05-14T00:47:53","modified_gmt":"2011-05-13T15:47:53","slug":"a-propos","status":"publish","type":"page","link":"https:\/\/philadia-earth.com\/?page_id=2","title":{"rendered":"\u00c0 propos"},"content":{"rendered":"<p style=\"text-align: center;\"><strong>Article in progress&#8230;<\/strong><\/p>\n<p>Fadia est une fille. Elle a 29 ans. Elle est jeune docteur.<br \/>\nPhilippe est un gar\u00e7on de 31 ans. Il est conducteur de travaux.<\/p>\n<p>Philippe s&rsquo;est mari\u00e9 avec Fadia le 31 octobre 2009 2 semaines avant le d\u00e9part en voyage. On dit traditionnellement que Fadia l&rsquo;a achet\u00e9 au maire, pas cher.<br \/>\nIls sont partis en voyage parce qu&rsquo;ils avaient pas envie de trainer devant la t\u00e9l\u00e9, d&rsquo;ailleurs ils n&rsquo;avaient pas la t\u00e9l\u00e9. Apres 3 ans d&rsquo;attente, ils ont enfin pu partir.<\/p>\n","protected":false},"excerpt":{"rendered":"<p>Article in progress&#8230; Fadia est une fille. Elle a 29 ans. Elle est jeune docteur. Philippe est un gar\u00e7on de 31 ans. Il est conducteur de travaux. Philippe s&rsquo;est mari\u00e9 avec Fadia le 31 octobre 2009 2 semaines avant le &hellip; <a href=\"https:\/\/philadia-earth.com\/?page_id=2\">Continuer la lecture <span class=\"meta-nav\">&rarr;<\/span><\/a><\/p>\n","protected":false},"author":3,"featured_media":0,"parent":0,"menu_order":0,"comment_status":"open","ping_status":"open","template":"","meta":{"footnotes":""},"_links":{"self":[{"href":"https:\/\/philadia-earth.com\/index.php?rest_route=\/wp\/v2\/pages\/2"}],"collection":[{"href":"https:\/\/philadia-earth.com\/index.php?rest_route=\/wp\/v2\/pages"}],"about":[{"href":"https:\/\/philadia-earth.com\/index.php?rest_route=\/wp\/v2\/types\/page"}],"author":[{"embeddable":true,"href":"https:\/\/philadia-earth.com\/index.php?rest_route=\/wp\/v2\/users\/3"}],"replies":[{"embeddable":true,"href":"https:\/\/philadia-earth.com\/index.php?rest_route=%2Fwp%2Fv2%2Fcomments&post=2"}],"version-history":[{"count":5,"href":"https:\/\/philadia-earth.com\/index.php?rest_route=\/wp\/v2\/pages\/2\/revisions"}],"predecessor-version":[{"id":2946,"href":"https:\/\/philadia-earth.com\/index.php?rest_route=\/wp\/v2\/pages\/2\/revisions\/2946"}],"wp:attachment":[{"href":"https:\/\/philadia-earth.com\/index.php?rest_route=%2Fwp%2Fv2%2Fmedia&parent=2"}],"curies":[{"name":"wp","href":"https:\/\/api.w.org\/{rel}","templated":true}]}}